{"id":4569,"date":"2018-03-26T09:54:23","date_gmt":"2018-03-26T06:54:23","guid":{"rendered":"http:\/\/harm.aigialeiaclub.gr\/antica-eliki\/"},"modified":"2020-05-06T23:09:22","modified_gmt":"2020-05-06T20:09:22","slug":"antica-eliki","status":"publish","type":"page","link":"https:\/\/www.harmony-apartments.com\/it\/antica-eliki\/","title":{"rendered":"Antica Eliki"},"content":{"rendered":"<div class=\"wpb-content-wrapper\"><p>[vc_row][vc_column width=&#8221;3\/4&#8243;][vc_column_text]<\/p>\n<h1>Gli scavi dell&#8217;antica Eliki (Elice) in Aigialia<\/h1>\n<h2>Eliki (Elice) \u00e8 stato una antica citt\u00e0 greca vicina al fiume Selinus, sulla costa meridionale del Golfo di Corinto e vicino l&#8217;attuale citt\u00e0 di Aigion (Egion).<\/h2>\n<p>373 aC. un terremoto e uno tsunami hanno distrutto la citt\u00e0 e affondato le rovine nel mare.<br \/>\nGli scritti dello storico Pausania, Heridotus, Marco Aurelio, Siculo e Omero nell&#8217;Iliade si riferiscono a Eliki.<br \/>\nLa citt\u00e0 ospitava il Tempio di Poseidone Elikonian e fu il centro per il culto di Poseidone, l&#8217;antico dio del mare.<br \/>\nLa grande statua in bronzo di Poseidone era l&#8217;unica che era rimasto dopo il terremoto. Nel Iliad Poseidon \u00e8 noto come il protettore di Elice.<br \/>\nPausania scrive che Elice era la figlia di Selinos e Aigialia.<br \/>\nSi spos\u00f2 con Jon, figlio del re di Atene, che ha chiamato la citt\u00e0 con il suo nome.<br \/>\nLo storico greco Diodoro Siculo ha scritto che la citt\u00e0 di Elice, prima del terremoto, valeva come prima tra le citt\u00e0 di Achaia.<br \/>\nIn Memoaaren di Marco Aurelio (121-180 dC), egli scrive: &#8220;&#8230; e quante le citt\u00e0 sono completamente morte, Elice, Pompei ed Ercolano, e innumerevoli altre\u201c.<br \/>\nGli archeologi hanno cercato per molti anni a trovare la citt\u00e0 perduta di Elice, e ci sono anche riusciti a numerosi siti archeologici.<br \/>\nQuesti reperti sono stati trovati dagl\u00b4 archeologi Katsonopoulou Dora e Steven Soter<\/p>\n<p class=\"bodytext\">.<\/p>\n<p>[\/vc_column_text][\/vc_column][vc_column width=&#8221;1\/4&#8243;][vc_text_separator title=&#8221;Scopri la diversit\u00e0 di Aigialeia&#8221; title_align=&#8221;separator_align_left&#8221; border_width=&#8221;3&#8243;][vc_widget_sidebar sidebar_id=&#8221;wop-region&#8221;][\/vc_column][\/vc_row]<\/p>\n<\/div>","protected":false},"excerpt":{"rendered":"<p>[vc_row][vc_column width=&#8221;3\/4&#8243;][vc_column_text] Gli scavi dell&#8217;antica Eliki (Elice) in Aigialia Eliki (Elice) \u00e8 stato una antica citt\u00e0 greca vicina al fiume Selinus, sulla costa meridionale del Golfo di Corinto e vicino l&#8217;attuale citt\u00e0 di Aigion (Egion). 373 aC. un terremoto e uno tsunami hanno distrutto la citt\u00e0 e affondato le rovine nel mare. Gli scritti dello&#8230; <\/p>\n<div class=\"clear\"><\/div>\n<p><a href=\"https:\/\/www.harmony-apartments.com\/it\/antica-eliki\/\" class=\"excerpt-read-more\">Continue Reading<i class=\"fa fa-long-arrow-right icon-long-arrow-right\"><\/i><\/a><\/p>\n","protected":false},"author":1,"featured_media":0,"parent":0,"menu_order":0,"comment_status":"closed","ping_status":"closed","template":"","meta":{"footnotes":""},"yst_prominent_words":[256,4473,4141,4464,4371,4462,4463,245,4466,4469,4119,4114,4399,672,4467,4465,4468,4474,4471,4470,1867],"class_list":["post-4569","page","type-page","status-publish","hentry"],"_links":{"self":[{"href":"https:\/\/www.harmony-apartments.com\/it\/wp-json\/wp\/v2\/pages\/4569","targetHints":{"allow":["GET"]}}],"collection":[{"href":"https:\/\/www.harmony-apartments.com\/it\/wp-json\/wp\/v2\/pages"}],"about":[{"href":"https:\/\/www.harmony-apartments.com\/it\/wp-json\/wp\/v2\/types\/page"}],"author":[{"embeddable":true,"href":"https:\/\/www.harmony-apartments.com\/it\/wp-json\/wp\/v2\/users\/1"}],"replies":[{"embeddable":true,"href":"https:\/\/www.harmony-apartments.com\/it\/wp-json\/wp\/v2\/comments?post=4569"}],"version-history":[{"count":2,"href":"https:\/\/www.harmony-apartments.com\/it\/wp-json\/wp\/v2\/pages\/4569\/revisions"}],"predecessor-version":[{"id":23251,"href":"https:\/\/www.harmony-apartments.com\/it\/wp-json\/wp\/v2\/pages\/4569\/revisions\/23251"}],"wp:attachment":[{"href":"https:\/\/www.harmony-apartments.com\/it\/wp-json\/wp\/v2\/media?parent=4569"}],"wp:term":[{"taxonomy":"yst_prominent_words","embeddable":true,"href":"https:\/\/www.harmony-apartments.com\/it\/wp-json\/wp\/v2\/yst_prominent_words?post=4569"}],"curies":[{"name":"wp","href":"https:\/\/api.w.org\/{rel}","templated":true}]}}