{"id":4354,"date":"2018-03-25T11:38:58","date_gmt":"2018-03-25T08:38:58","guid":{"rendered":"http:\/\/harm.aigialeiaclub.gr\/notre-hotel\/"},"modified":"2020-06-02T01:06:22","modified_gmt":"2020-06-01T22:06:22","slug":"notre-hotel","status":"publish","type":"page","link":"https:\/\/www.harmony-apartments.com\/fr\/notre-hotel\/","title":{"rendered":"Notre H\u00f4tel"},"content":{"rendered":"<div class=\"wpb-content-wrapper\"><p>[vc_row][vc_column][vc_column_text]<\/p>\n<h1>Appartements Confortables et une Hospitalit\u00e9 Chaleureuse dans le P\u00e9loponn\u00e8se<\/h1>\n<p class=\"bodytext\">Harmony accueille ses h\u00f4tes dans un environnement paisible et raffin\u00e9. Ses appartements sont \u00e9quip\u00e9s de tout le confort moderne afin que le s\u00e9jour soit des plus agr\u00e9able.<br \/>\nDe plus, une attention particuli\u00e8re est donn\u00e9e aux services h\u00f4teliers afin de satisfaire les besoins de nos vacanciers.<br \/>\nUn petit d\u00e9jeuner copieux vous est propos\u00e9 dans la salle appropri\u00e9e pourvue d\u2019ailleurs d\u2019un bar o\u00f9 tout au long de la journ\u00e9e vous pouvez y d\u00e9guster diverses boissons, et savourer de d\u00e9licieuses glaces.<br \/>\nL\u2019entretien m\u00e9nager des appartements a lieu deux fois par semaine et comprend aussi le changement du linge de toilette et bain ainsi que le changement du linge de lit.<\/p>\n<p>[\/vc_column_text][\/vc_column][\/vc_row][vc_row css=\u00a0\u00bb.vc_custom_1522524898608{background-color: #ede5d2 !important;}\u00a0\u00bb][vc_column][vc_column_text]<\/p>\n<h2>Nos Am\u00e9nagements &amp; Services<\/h2>\n<p>[\/vc_column_text][\/vc_column][\/vc_row][vc_row][vc_column]<div id=\"69e5e613c7fa8\" class=\"gg_gallery_wrap gg_is_loading_gallery gg_true_gallery gg_columnized_gallery gid_23581 gg_ol_full_mode gg_main_ol_always_shown gg_primary_ol\" data-col-maxw=\"420\" data-gid=\"23581\" data-nores-txt=\"No images found\">              <div class=\"gg_loader\">            <div class=\"ggl_1\"><\/div>            <div class=\"ggl_2\"><\/div>            <div class=\"ggl_3\"><\/div>            <div class=\"ggl_4\"><\/div>        <\/div>  <div class=\"gg_container\"><div data-gg-link=\"https:\/\/www.harmony-apartments.com\/fr\/petit-dejeuner\/\" class=\"gg_img gg_linked_img\" data-gg-url=\"https:\/\/www.harmony-apartments.com\/wp-content\/uploads\/2020\/05\/cf-2.jpg\" data-gg-title=\"Petit d\u00e9jeuner \/ snack-bar\" data-gg-author=\"\" data-gg-descr=\"\" data-gg-tags=\"\" data-img-id=\"0\" data-gid=\"23581\" role=\"button\" tabindex=\"0\" aria-label=\"open image\">                  <div class=\"gg_img_inner\" style=\"padding-bottom: 250px\">                                      <div class=\"gg_main_img_wrap\">                        <div class=\"gg_img_wrap_inner\">                            <img decoding=\"async\" src=\"\" data-gg-lazy-src=\"\/\/www.harmony-apartments.com\/wp-content\/uploads\/ewpt_cache\/420x250_90_1_c_FFFFFF_476b36429ccd2703f26f8b380778e89c.jpg\" alt=\"Petit d\u00e9jeuner \/ snack-bar\" class=\"gg_photo gg_main_thumb\" \/>                            <noscript><img decoding=\"async\" src=\"https:\/\/www.harmony-apartments.com\/wp-content\/uploads\/2020\/05\/cf-2.jpg\" alt=\"Petit d\u00e9jeuner \/ snack-bar\" \/><\/noscript>                        <\/div>                    <\/div>                                        <div class=\"gg_overlays\">            <div class=\"gg_main_overlay\">                <span class=\"gg_img_title\">Petit d\u00e9jeuner \/ snack-bar<\/span>            <\/div><\/div>                  <\/div><\/div><div data-gg-link=\"https:\/\/www.harmony-apartments.com\/fr\/salle-de-seminaire\/\" class=\"gg_img gg_linked_img\" data-gg-url=\"https:\/\/www.harmony-apartments.com\/wp-content\/uploads\/2020\/05\/cf-1.jpg\" data-gg-title=\"Installations pour s\u00e9minaires\" data-gg-author=\"\" data-gg-descr=\"\" data-gg-tags=\"\" data-img-id=\"1\" data-gid=\"23581\" role=\"button\" tabindex=\"0\" aria-label=\"open image\">                  <div class=\"gg_img_inner\" style=\"padding-bottom: 250px\">                                      <div class=\"gg_main_img_wrap\">                        <div class=\"gg_img_wrap_inner\">                            <img decoding=\"async\" src=\"\" data-gg-lazy-src=\"\/\/www.harmony-apartments.com\/wp-content\/uploads\/ewpt_cache\/420x250_90_1_c_FFFFFF_e6100e177c5b2a97106950f6a0e627fb.jpg\" alt=\"Installations pour s\u00e9minaires\" class=\"gg_photo gg_main_thumb\" \/>                            <noscript><img decoding=\"async\" src=\"https:\/\/www.harmony-apartments.com\/wp-content\/uploads\/2020\/05\/cf-1.jpg\" alt=\"Installations pour s\u00e9minaires\" \/><\/noscript>                        <\/div>                    <\/div>                                        <div class=\"gg_overlays\">            <div class=\"gg_main_overlay\">                <span class=\"gg_img_title\">Installations pour s\u00e9minaires<\/span>            <\/div><\/div>                  <\/div><\/div><div data-gg-link=\"https:\/\/www.harmony-apartments.com\/fr\/experiences-de-bien-etre\/\" class=\"gg_img gg_linked_img\" data-gg-url=\"https:\/\/www.harmony-apartments.com\/wp-content\/uploads\/2020\/05\/cf-3.jpg\" data-gg-title=\"Exp\u00e9riences de bien-\u00eatre\" data-gg-author=\"\" data-gg-descr=\"\" data-gg-tags=\"\" data-img-id=\"2\" data-gid=\"23581\" role=\"button\" tabindex=\"0\" aria-label=\"open image\">                  <div class=\"gg_img_inner\" style=\"padding-bottom: 250px\">                                      <div class=\"gg_main_img_wrap\">                        <div class=\"gg_img_wrap_inner\">                            <img decoding=\"async\" src=\"\" data-gg-lazy-src=\"\/\/www.harmony-apartments.com\/wp-content\/uploads\/ewpt_cache\/420x250_90_1_c_FFFFFF_4df0a597b26adc90160c8fbad555b1f5.jpg\" alt=\"Exp\u00e9riences de bien-\u00eatre\" class=\"gg_photo gg_main_thumb\" \/>                            <noscript><img decoding=\"async\" src=\"https:\/\/www.harmony-apartments.com\/wp-content\/uploads\/2020\/05\/cf-3.jpg\" alt=\"Exp\u00e9riences de bien-\u00eatre\" \/><\/noscript>                        <\/div>                    <\/div>                                        <div class=\"gg_overlays\">            <div class=\"gg_main_overlay\">                <span class=\"gg_img_title\">Exp\u00e9riences de bien-\u00eatre<\/span>            <\/div><\/div>                  <\/div><\/div><\/div><\/div><script type=\"text\/javascript\">(function() { \"use strict\"; const intval = setInterval(() => { if(typeof(jQuery) == \"undefined\" || typeof(gg_galleries_init) == \"undefined\") { return true; } else { clearTimeout(intval); const $ = jQuery; gg_galleries_init(\"69e5e613c7fa8\"); } }, 50); })();<\/script>[\/vc_column][\/vc_row][vc_row css=\u00a0\u00bb.vc_custom_1528546635350{background-color: #eeeeee !important;}\u00a0\u00bb][vc_column width=\u00a0\u00bb1\/3&Prime;][vc_column_text]<\/p>\n<ul>\n<li>Wifi Gratuit<\/li>\n<li>Piscine pour les clients de l&rsquo;h\u00f4tel<\/li>\n<li>Parasols Gratuits<\/li>\n<li>Chaises Longues Gratuits<\/li>\n<li>Climatisation<\/li>\n<li>Chauffage Central<\/li>\n<\/ul>\n<p>[\/vc_column_text][\/vc_column][vc_column width=\u00a0\u00bb1\/3&Prime;][vc_column_text]<\/p>\n<ul>\n<li>Petit D\u00e9jeuner (facultatif)<\/li>\n<li>Breakfast Room<\/li>\n<li>Salle de Petit D\u00e9jeuner<\/li>\n<li>Caf\u00e9 \/ Snack-Bar<\/li>\n<li>Salle de S\u00e9minaire<\/li>\n<li>Service de Blanchisserie (sur demande)<\/li>\n<li>Animaux Accept\u00e9s (sur demande)<\/li>\n<\/ul>\n<p>[\/vc_column_text][\/vc_column][vc_column width=\u00a0\u00bb1\/3&Prime;][vc_column_text]<\/p>\n<ul>\n<li>Personnel Multilingue<\/li>\n<li>Assistance with Activity Planning<\/li>\n<li>Aide \u00e0 la Planification d&rsquo;activit\u00e9s<\/li>\n<li>Service de Transfert (sur demande)<\/li>\n<li>Service en Chambre (sur demande)<\/li>\n<li>Parking Priv\u00e9<\/li>\n<\/ul>\n<p>[\/vc_column_text][\/vc_column][\/vc_row]<\/p>\n<\/div>","protected":false},"excerpt":{"rendered":"<p>[vc_row][vc_column][vc_column_text] Appartements Confortables et une Hospitalit\u00e9 Chaleureuse dans le P\u00e9loponn\u00e8se Harmony accueille ses h\u00f4tes dans un environnement paisible et raffin\u00e9. Ses appartements sont \u00e9quip\u00e9s de tout le confort moderne afin que le s\u00e9jour soit des plus agr\u00e9able. De plus, une attention particuli\u00e8re est donn\u00e9e aux services h\u00f4teliers afin de satisfaire les besoins de nos vacanciers&#8230;. <\/p>\n<div class=\"clear\"><\/div>\n<p><a href=\"https:\/\/www.harmony-apartments.com\/fr\/notre-hotel\/\" class=\"excerpt-read-more\">Continue Reading<i class=\"fa fa-long-arrow-right icon-long-arrow-right\"><\/i><\/a><\/p>\n","protected":false},"author":1,"featured_media":0,"parent":0,"menu_order":0,"comment_status":"closed","ping_status":"closed","template":"","meta":{"footnotes":""},"class_list":["post-4354","page","type-page","status-publish","hentry"],"_links":{"self":[{"href":"https:\/\/www.harmony-apartments.com\/fr\/wp-json\/wp\/v2\/pages\/4354","targetHints":{"allow":["GET"]}}],"collection":[{"href":"https:\/\/www.harmony-apartments.com\/fr\/wp-json\/wp\/v2\/pages"}],"about":[{"href":"https:\/\/www.harmony-apartments.com\/fr\/wp-json\/wp\/v2\/types\/page"}],"author":[{"embeddable":true,"href":"https:\/\/www.harmony-apartments.com\/fr\/wp-json\/wp\/v2\/users\/1"}],"replies":[{"embeddable":true,"href":"https:\/\/www.harmony-apartments.com\/fr\/wp-json\/wp\/v2\/comments?post=4354"}],"version-history":[{"count":4,"href":"https:\/\/www.harmony-apartments.com\/fr\/wp-json\/wp\/v2\/pages\/4354\/revisions"}],"predecessor-version":[{"id":24800,"href":"https:\/\/www.harmony-apartments.com\/fr\/wp-json\/wp\/v2\/pages\/4354\/revisions\/24800"}],"wp:attachment":[{"href":"https:\/\/www.harmony-apartments.com\/fr\/wp-json\/wp\/v2\/media?parent=4354"}],"curies":[{"name":"wp","href":"https:\/\/api.w.org\/{rel}","templated":true}]}}