{"id":4828,"date":"2018-03-26T16:52:11","date_gmt":"2018-03-26T13:52:11","guid":{"rendered":"http:\/\/harm.aigialeiaclub.gr\/standort-longos\/"},"modified":"2020-05-10T12:30:02","modified_gmt":"2020-05-10T09:30:02","slug":"standort-longos","status":"publish","type":"page","link":"https:\/\/www.harmony-apartments.com\/de\/standort-longos\/","title":{"rendered":"Standort Longos"},"content":{"rendered":"<div class=\"wpb-content-wrapper\"><p>[vc_row equal_height=&#8220;yes&#8220;][vc_column width=&#8220;3\/4&#8243;][vc_column_text]<\/p>\n<h1>Der Badeort Longos in der K\u00fcstenregion Aigialia, Peloponnes<\/h1>\n<p>Im nord\u00f6stlichen Teil der Pr\u00e4fektur Achaia, an einer Badebucht, liegen die Orte Longos und Selianitika der Gemeinde Sympolitia. Die Gegend um Longos und Selianitika besticht durch ihre malerische und von den Einheimischen sehr beliebte Badebucht sowie den immergr\u00fcnen Olivenhainen und Zitrusfrucht-plantagen. Sowohl am Strand als auch in den Orten gibt es gem\u00fctliche Tavernen mit hervorragender griechischer und internationaler K\u00fcche. Au\u00dferdem gibt zahlreiche gem\u00fctliche, Cafes, ein Freilichtkino und sehr gute Einkaufsm\u00f6glichkeiten.<\/p>\n<p class=\"bodytext\">Die Hafenstadt Aigion (Egion) ist 8 km \u00f6stlich von Longos gelegen. Busse des griechischen Transportsystems KTEL unternehmen regelm\u00e4ssige Fahrten von Longos nach Aigion, ebenso wie das F\u00e4hrschiff, welches Aigion mit Aghios Nikolaos (Festland) verbindet. Patras, die drittgr\u00f6\u00dfte Hafenstadt Griechenlands, bietet gute F\u00e4hrverbindung mit Italien (Venedig, Ancona, Brindisi, Bari) und liegt in 30 km entfernt. Die l\u00e4ngste H\u00e4ngebr\u00fccke Europas (Charilaos Trikoupis), die den Peloponnes mit dem gegen\u00fcberliegenden Festland verbindet, befindet sich 25 km entfernt. Der Charterflughafen Araxos liegt in einer Entfernung von ca. 75 km.<\/p>\n<p class=\"bodytext\">Die wichtigsten arch\u00e4ologischen St\u00e4tten (Olympia, Delphi, Korinth, Epidaurus, Mykene und Athen) sind von hier aus in einem Tagesausflug leicht erreichbar.<\/p>\n<p>[\/vc_column_text][\/vc_column][vc_column width=&#8220;1\/4&#8243;][vc_text_separator title=&#8220;Endecken Sie die Vielf\u00e4ltigkeit von Aigialeia&#8220; title_align=&#8220;separator_align_left&#8220; border_width=&#8220;3&#8243;][vc_widget_sidebar sidebar_id=&#8220;wop-region&#8220;][\/vc_column][\/vc_row]<\/p>\n<\/div>","protected":false},"excerpt":{"rendered":"<p>[vc_row equal_height=&#8220;yes&#8220;][vc_column width=&#8220;3\/4&#8243;][vc_column_text] Der Badeort Longos in der K\u00fcstenregion Aigialia, Peloponnes Im nord\u00f6stlichen Teil der Pr\u00e4fektur Achaia, an einer Badebucht, liegen die Orte Longos und Selianitika der Gemeinde Sympolitia. Die Gegend um Longos und Selianitika besticht durch ihre malerische und von den Einheimischen sehr beliebte Badebucht sowie den immergr\u00fcnen Olivenhainen und Zitrusfrucht-plantagen. Sowohl am Strand&#8230; <\/p>\n<div class=\"clear\"><\/div>\n<p><a href=\"https:\/\/www.harmony-apartments.com\/de\/standort-longos\/\" class=\"excerpt-read-more\">Continue Reading<i class=\"fa fa-long-arrow-right icon-long-arrow-right\"><\/i><\/a><\/p>\n","protected":false},"author":1,"featured_media":0,"parent":0,"menu_order":0,"comment_status":"closed","ping_status":"closed","template":"","meta":{"footnotes":""},"yst_prominent_words":[155,3450,3128,609,1917,3612,3447,153,3446,154,3147,3143,3132,3152,1921,157,602,3146,3133,3448],"class_list":["post-4828","page","type-page","status-publish","hentry"],"_links":{"self":[{"href":"https:\/\/www.harmony-apartments.com\/de\/wp-json\/wp\/v2\/pages\/4828","targetHints":{"allow":["GET"]}}],"collection":[{"href":"https:\/\/www.harmony-apartments.com\/de\/wp-json\/wp\/v2\/pages"}],"about":[{"href":"https:\/\/www.harmony-apartments.com\/de\/wp-json\/wp\/v2\/types\/page"}],"author":[{"embeddable":true,"href":"https:\/\/www.harmony-apartments.com\/de\/wp-json\/wp\/v2\/users\/1"}],"replies":[{"embeddable":true,"href":"https:\/\/www.harmony-apartments.com\/de\/wp-json\/wp\/v2\/comments?post=4828"}],"version-history":[{"count":1,"href":"https:\/\/www.harmony-apartments.com\/de\/wp-json\/wp\/v2\/pages\/4828\/revisions"}],"predecessor-version":[{"id":23314,"href":"https:\/\/www.harmony-apartments.com\/de\/wp-json\/wp\/v2\/pages\/4828\/revisions\/23314"}],"wp:attachment":[{"href":"https:\/\/www.harmony-apartments.com\/de\/wp-json\/wp\/v2\/media?parent=4828"}],"wp:term":[{"taxonomy":"yst_prominent_words","embeddable":true,"href":"https:\/\/www.harmony-apartments.com\/de\/wp-json\/wp\/v2\/yst_prominent_words?post=4828"}],"curies":[{"name":"wp","href":"https:\/\/api.w.org\/{rel}","templated":true}]}}