{"id":4810,"date":"2018-03-26T16:46:56","date_gmt":"2018-03-26T13:46:56","guid":{"rendered":"http:\/\/harm.aigialeiaclub.gr\/kalavryta-diakofto\/"},"modified":"2020-05-10T12:25:27","modified_gmt":"2020-05-10T09:25:27","slug":"kalavryta-diakofto","status":"publish","type":"page","link":"https:\/\/www.harmony-apartments.com\/de\/kalavryta-diakofto\/","title":{"rendered":"Kalavryta-Diakofto"},"content":{"rendered":"<div class=\"wpb-content-wrapper\"><p>[vc_row equal_height=&#8220;yes&#8220;][vc_column width=&#8220;3\/4&#8243;][vc_column_text]<\/p>\n<h1>Kalavryta-Diakofto<\/h1>\n<h2>Die Bergstadt Kalavryta und die ber\u00fchmte Zahnradbahn<\/h2>\n<p class=\"bodytext\">Kalavryta ist eine historische Bergstadt der Eparchie und wurde am selben Ort wie das antike Kynaithes gebaut. Es liegt in einer H\u00f6he von 756 m, am Fu\u00dfe des Velia Berges, nur 40 km von Diakopto entfernt. Ein unvergessliches Erlebnis, um Kalavryta zu erreichen, ist die Fahrt mit der Zahnradbahn, die in Diakopto abf\u00e4hrt und \u00a0durch die Vouraikos Schlucht f\u00fchrt. Am 13. Dezember 1943 haben deutsche Besatzungstruppen ein Massaker durchgef\u00fchrt, indem sie 1436 M\u00e4nner und Knaben ab 14 Jahren get\u00f6tet und die Stadt abgebrannt haben. Die Uhr der Metropolitan Kirche steht auf 2:34 Uhr mittags, der Stunde des Massakers von 1943.<\/p>\n<p class=\"bodytext\">In der N\u00e4he befindet sich das ber\u00fchmte Kloster Aghia Lavra und die einmalige Tropfsteinh\u00f6hle der mythischen Seen von Kastria.<\/p>\n<p class=\"bodytext\">W\u00e4hrend den Wintermonaten ist am Chelmos Gebirge (2300 m), 14 km von Kalavryta entfernt, das Skizentrum mit allen modernen Einrichtungen ge\u00f6ffnet.<\/p>\n<h2>Diakofto eine Kleinstadt mit Flair<\/h2>\n<p class=\"bodytext\">Die Kleinstadt Diakopto liegt am Golf von Korinth und am unteren Teil der Vouraikos Schlucht. Eine Zahnradbahn, gebaut von franz\u00f6sischen Ingenieuren (1885-95) f\u00fchrt von hier durch die Schlucht hinauf zu der bekannten Bergstadt Kalavryta. Am Rande von Diakopto bietet die sch\u00f6ne Badebucht Engali mit Sandstrand eine weitere Badem\u00f6glichkeit.<\/p>\n<p>[\/vc_column_text][\/vc_column][vc_column width=&#8220;1\/4&#8243;][vc_text_separator title=&#8220;Tagesausfl\u00fcge von Harmony aus&#8220; title_align=&#8220;separator_align_left&#8220; border_width=&#8220;3&#8243;][vc_widget_sidebar sidebar_id=&#8220;wop-excursions&#8220;][\/vc_column][\/vc_row]<\/p>\n<\/div>","protected":false},"excerpt":{"rendered":"<p>[vc_row equal_height=&#8220;yes&#8220;][vc_column width=&#8220;3\/4&#8243;][vc_column_text] Kalavryta-Diakofto Die Bergstadt Kalavryta und die ber\u00fchmte Zahnradbahn Kalavryta ist eine historische Bergstadt der Eparchie und wurde am selben Ort wie das antike Kynaithes gebaut. Es liegt in einer H\u00f6he von 756 m, am Fu\u00dfe des Velia Berges, nur 40 km von Diakopto entfernt. Ein unvergessliches Erlebnis, um Kalavryta zu erreichen, ist&#8230; <\/p>\n<div class=\"clear\"><\/div>\n<p><a href=\"https:\/\/www.harmony-apartments.com\/de\/kalavryta-diakofto\/\" class=\"excerpt-read-more\">Continue Reading<i class=\"fa fa-long-arrow-right icon-long-arrow-right\"><\/i><\/a><\/p>\n","protected":false},"author":1,"featured_media":0,"parent":0,"menu_order":0,"comment_status":"closed","ping_status":"closed","template":"","meta":{"footnotes":""},"yst_prominent_words":[3557,3554,3559,1212,2058,2993,2382,405,3560,3555,3005,3004,1823,2062,3002,404,3552,2060,2059,3132,3556,2063,1006,2061,3145,3551,3561,3553,3558,3003],"class_list":["post-4810","page","type-page","status-publish","hentry"],"_links":{"self":[{"href":"https:\/\/www.harmony-apartments.com\/de\/wp-json\/wp\/v2\/pages\/4810","targetHints":{"allow":["GET"]}}],"collection":[{"href":"https:\/\/www.harmony-apartments.com\/de\/wp-json\/wp\/v2\/pages"}],"about":[{"href":"https:\/\/www.harmony-apartments.com\/de\/wp-json\/wp\/v2\/types\/page"}],"author":[{"embeddable":true,"href":"https:\/\/www.harmony-apartments.com\/de\/wp-json\/wp\/v2\/users\/1"}],"replies":[{"embeddable":true,"href":"https:\/\/www.harmony-apartments.com\/de\/wp-json\/wp\/v2\/comments?post=4810"}],"version-history":[{"count":1,"href":"https:\/\/www.harmony-apartments.com\/de\/wp-json\/wp\/v2\/pages\/4810\/revisions"}],"predecessor-version":[{"id":23309,"href":"https:\/\/www.harmony-apartments.com\/de\/wp-json\/wp\/v2\/pages\/4810\/revisions\/23309"}],"wp:attachment":[{"href":"https:\/\/www.harmony-apartments.com\/de\/wp-json\/wp\/v2\/media?parent=4810"}],"wp:term":[{"taxonomy":"yst_prominent_words","embeddable":true,"href":"https:\/\/www.harmony-apartments.com\/de\/wp-json\/wp\/v2\/yst_prominent_words?post=4810"}],"curies":[{"name":"wp","href":"https:\/\/api.w.org\/{rel}","templated":true}]}}