{"id":4690,"date":"2018-03-26T16:00:18","date_gmt":"2018-03-26T13:00:18","guid":{"rendered":"http:\/\/harm.aigialeiaclub.gr\/aigialia\/"},"modified":"2021-04-25T21:45:42","modified_gmt":"2021-04-25T18:45:42","slug":"aigialia","status":"publish","type":"page","link":"https:\/\/www.harmony-apartments.com\/de\/aigialia\/","title":{"rendered":"Aigialia"},"content":{"rendered":"<div class=\"wpb-content-wrapper\"><p>[vc_row css=&#8220;.vc_custom_1616437080580{margin-top: -100px !important;}&#8220;][vc_column][\/vc_column][\/vc_row][vc_row][vc_column][vc_empty_space][\/vc_column][\/vc_row][vc_row equal_height=&#8220;yes&#8220;][vc_column][vc_column_text]<\/p>\n<h1><span style=\"color: #cc9900;\"><strong><em>Aegialia, ein unerwartetes Zief auf der Peloponnes<\/em><\/strong><em><strong>\u00a0\u00a0\u00a0\u00a0\u00a0\u00a0\u00a0\u00a0\u00a0\u00a0<\/strong> <\/em><\/span><\/h1>\n<h2>Eine Reise in die Geschichte, die Kultur, die bezaubernde Natur, die gastronomischen \u00dcberraschungen und den Genuss.<\/h2>\n<p>Die vorteilhafte geografische Lage von Aegialia und die einzigartige Abwechslung von Berg und Meer, in der jede Jahreszeit die Landschaft mit ihren eigenen Farben schm\u00fcckt, machen sie zu einem idealen Urlaubsziel.<\/p>\n<p>Alternative Erkundung der Naturdenkm\u00e4ler wie der Schlucht von Vouraikos, dem Tsivlou-See, den Gew\u00e4ssern der mythischen Styga, den H\u00e4ngen mit den au\u00dfergew\u00f6hnlichen Weinbergen und Olivenhainen, den malerischen Bergd\u00f6rfern, antiken St\u00e4dten und Denkm\u00e4lern, die wieder ans Licht kommen und das alles in kurzer Entfernung von der 70 km langen K\u00fcstenlinie mit wundersch\u00f6nen Str\u00e4nden, die einzigartige Erinnerungen zur\u00fccklassen werden.[\/vc_column_text][\/vc_column][\/vc_row][vc_row][vc_column width=&#8220;2\/3&#8243;][vc_empty_space][\/vc_column][vc_column width=&#8220;1\/3&#8243; css=&#8220;.vc_custom_1616284561371{border-top-width: 2px !important;border-right-width: 2px !important;border-bottom-width: 2px !important;border-left-width: 2px !important;background-color: #ffffff !important;border-left-color: #000000 !important;border-left-style: solid !important;border-right-color: #000000 !important;border-right-style: solid !important;border-top-color: #000000 !important;border-top-style: solid !important;border-bottom-color: #000000 !important;border-bottom-style: solid !important;border-radius: 2px !important;}&#8220;][vc_column_text]<\/p>\n<h1><span style=\"color: #cc9900;\"><strong><em>Longos und Selianitika<\/em><\/strong><\/span><\/h1>\n<h2>Zwei malerische K\u00fcstend\u00f6rfer in der Umarmung des Golfs von Korinth mit Blick auf die gr\u00fcnen H\u00fcgel der halbgebirgigen Aegialia.<\/h2>\n<p>Entdecken Sie ein kleines Paradies, in dem der Wechsel der Farben, das Blau des Meeres und das Gr\u00fcn der H\u00fcgel eine Landschaft von unvergleichlicher Sch\u00f6nheit schaffen, die die Besucher fasziniert und entspannt.<\/p>\n<p>Die M\u00f6glichkeiten sind vielf\u00e4ltig !!! Schwimmen, Ausfl\u00fcge mit dem Boot, das den Strand von Longos nach Trizonia und Hl. Ioannis verl\u00e4sst, den einzigen Inseln des Golfs von Korinth, Touren in der Umgebung zu Fu\u00df oder mit dem Fahrrad.<input type='hidden' bg_collapse_expand='69e49524151be4072914982' value='69e49524151be4072914982'><input type='hidden' id='bg-show-more-text-69e49524151be4072914982' value='WEITERLESEN'><input type='hidden' id='bg-show-less-text-69e49524151be4072914982' value='LESE WENIGER'><div id='bg-showmore-hidden-69e49524151be4072914982' ><\/p>\n<p>Am Strand gibt es viele kleine Restaurants, Caf\u00e9s und auch Bars f\u00fcr Ihre Abendunterhaltung.<\/p>\n<p>Im Zentrum des Dorfes Longos ist der malerische Platz mit den wundersch\u00f6nen Platanen eine weitere M\u00f6glichkeit, die Sie mit einem Besuch des Folkloremuseums kombinieren k\u00f6nnen.<\/p>\n<p>Beide D\u00f6rfer haben eine Vielzahl von Gesch\u00e4ften die all Ihre Bed\u00fcrfnisse erf\u00fcllen k\u00f6nnen.<\/p>\n<p>Longos und Selianitika sind zu jeder Jahreszeit ein ideales Urlaubsziel, da das milde Klima und die nat\u00fcrliche Umgebung dazu beitragen.<\/p>\n<p><\/div><button id='bg-showmore-action-69e49524151be4072914982' class='bg-showmore-plg-button bg-blue-button bg-zoom '   style=\" color:#ffffff;\">WEITERLESEN<\/button>[\/vc_column_text][\/vc_column][vc_column][\/vc_column][\/vc_row][vc_row][vc_column width=&#8220;2\/3&#8243;][vc_empty_space][\/vc_column][vc_column width=&#8220;1\/3&#8243; css=&#8220;.vc_custom_1616284561371{border-top-width: 2px !important;border-right-width: 2px !important;border-bottom-width: 2px !important;border-left-width: 2px !important;background-color: #ffffff !important;border-left-color: #000000 !important;border-left-style: solid !important;border-right-color: #000000 !important;border-right-style: solid !important;border-top-color: #000000 !important;border-top-style: solid !important;border-bottom-color: #000000 !important;border-bottom-style: solid !important;border-radius: 2px !important;}&#8220;][vc_column_text]<\/p>\n<h1><span style=\"color: #cc9900;\"><strong><em>Aigio, die Hauptstadt von Aegialia<\/em><\/strong><\/span><\/h1>\n<h2>Eine K\u00fcstenstadt, die Berge und Meer in perfekter Harmonie verbindet.<\/h2>\n<p>Aigio wurde amphitheatrisch auf drei Ebenen erbaut, hat einen bezaubernden Blick auf den Golf von Korinth und erh\u00e4lt heute noch charakteristische Elemente, die die reiche Geschichte dieser Stadt bezeugen.<br \/>\nDie Unterstadt am Meer mit dem Hafen, den Steingeb\u00e4uden, die typisch f\u00fcr die architektonische Bauweise des vergangenen Jahrhunderts sind, sind gr\u00f6sstenteils renoviert und beherbergen haupts\u00e4chlich Kultur- und Vergn\u00fcgungseinrichtungen, die den Bezirk das ganze Jahr \u00fcber lebendig machen.<br \/>\n<input type='hidden' bg_collapse_expand='69e495241529b2095122870' value='69e495241529b2095122870'><input type='hidden' id='bg-show-more-text-69e495241529b2095122870' value='WEITERLESEN'><input type='hidden' id='bg-show-less-text-69e495241529b2095122870' value='LESE WENIGER'><div id='bg-showmore-hidden-69e495241529b2095122870' ><\/p>\n<p>Hier findet der Besucher aber auch wichtige Sehensw\u00fcrdigkeiten wie die ber\u00fchmte Wallfahrtskirche Panagia Tripiti, den Platz mit der fast 2000 j\u00e4hrigen Platane, die aus der Zeit des Reiseschriftstellers Pausanias stammen soll, die zw\u00f6lf Brunnen, aber auch den Biotop von Aliki, der f\u00fcr viele Zugv\u00f6gel eine wichtige Zwischenstation ist. Die Verbindung zur Oberstadt, mit ihrem historischen und kommerziellen Zentrum, erfolgt \u00fcber gepflasterte Stra\u00dfen und Treppen, wobei entweder die bekannten Treppen Philopimenos oder malerische Stufen gew\u00e4hlt werden k\u00f6nnen, die dem Felsen entlang folgen und \u00fcber die man den sch\u00f6nen Psila Aloniaplatz erreichen kann.<br \/>\nAigio hat ein reiches kulturelles Erbe wie das Arch\u00e4ologische Museum, in dem bemerkenswerte Funde aus Ausgrabungen im Bereich von Aigialeia ausgestellt sind, des Folkloremuseums, des Kirchenmuseums, aber auch historische neoklassizistische Geb\u00e4ude und Kirchen, die zum Teil nach Pl\u00e4nen von Ernst Ziller gebaut wurden.<br \/>\nAigio hat den Charme der Kleinstadt mit einer reichen Geschichte, aber auch einer Stimmung f\u00fcr das moderne Leben.<\/div><button id='bg-showmore-action-69e495241529b2095122870' class='bg-showmore-plg-button bg-blue-button bg-zoom '   style=\" color:#ffffff;\">WEITERLESEN<\/button>[\/vc_column_text][\/vc_column][vc_column][\/vc_column][\/vc_row][vc_row][vc_column width=&#8220;2\/3&#8243;][vc_empty_space][\/vc_column][vc_column width=&#8220;1\/3&#8243; css=&#8220;.vc_custom_1616284561371{border-top-width: 2px !important;border-right-width: 2px !important;border-bottom-width: 2px !important;border-left-width: 2px !important;background-color: #ffffff !important;border-left-color: #000000 !important;border-left-style: solid !important;border-right-color: #000000 !important;border-right-style: solid !important;border-top-color: #000000 !important;border-top-style: solid !important;border-bottom-color: #000000 !important;border-bottom-style: solid !important;border-radius: 2px !important;}&#8220;][vc_column_text]<\/p>\n<h1><span style=\"color: #cc9900;\"><strong><em>Str\u00e4nde<\/em><\/strong><\/span><\/h1>\n<h2>Wunderbar saubere Str\u00e4nde erf\u00fcllen alle Vorlieben der Besucher<\/h2>\n<p>Die gezackte K\u00fcstenlinie von Aegialia bietet Ihnen die M\u00f6glichkeit, zu schwimmen und Ihren Tag an einem der beliebten organisierten Str\u00e4nde oder an einem der vielen einsamen Str\u00e4nde zu verbringen, die das klare blaue Wasser des Golfs von Korinth bietet.<\/p>\n<p>In der westlichen Aegialia ist der malerische Strand von Longos und Selianitika mit kleinen Kieselsteinen eine Attraktion f\u00fcr viele Besucher, aber auch der Strand von Akoli ist sehr beliebt.<input type='hidden' bg_collapse_expand='69e49524153212034530745' value='69e49524153212034530745'><input type='hidden' id='bg-show-more-text-69e49524153212034530745' value='WEITERLESEN'><input type='hidden' id='bg-show-less-text-69e49524153212034530745' value='LESE WENIGER'><div id='bg-showmore-hidden-69e49524153212034530745' ><\/p>\n<p>Ein kurzes St\u00fcck von der Stadt Aigio entfernt lohnt sich ein Besuch des belebten Strandes von Aliki mit dem ber\u00fchmten Biotop, aber auch der ruhigeren Str\u00e4nde von Temeni und Digeliotika.<\/p>\n<p>\u00d6stlich von Aigio liegen die gro\u00dfen, langgedehnten Str\u00e4nde von Nikolaika und Eleonas, die f\u00fcr Familien geeignet sind.<\/p>\n<p>Der idyllische Strand von Pounta mit seinen feinen Kieselsteinen wird Sie faszinieren, w\u00e4hrend der Sandstrand von Diakopto mehr junge Leute anzieht, da die Bars mit Musik eine lebendige und fr\u00f6hliche Atmosph\u00e4re schaffen, in der der Spa\u00df bis in die Morgenstunden andauert.<\/div><button id='bg-showmore-action-69e49524153212034530745' class='bg-showmore-plg-button bg-blue-button bg-zoom '   style=\" color:#ffffff;\">WEITERLESEN<\/button>[\/vc_column_text][\/vc_column][vc_column][\/vc_column][\/vc_row][vc_row][vc_column width=&#8220;2\/3&#8243;][vc_empty_space][\/vc_column][vc_column width=&#8220;1\/3&#8243; css=&#8220;.vc_custom_1616284561371{border-top-width: 2px !important;border-right-width: 2px !important;border-bottom-width: 2px !important;border-left-width: 2px !important;background-color: #ffffff !important;border-left-color: #000000 !important;border-left-style: solid !important;border-right-color: #000000 !important;border-right-style: solid !important;border-top-color: #000000 !important;border-top-style: solid !important;border-bottom-color: #000000 !important;border-bottom-style: solid !important;border-radius: 2px !important;}&#8220;][vc_column_text]<\/p>\n<h1><span style=\"color: #cc9900;\"><strong><em>Berglandschaft<\/em><\/strong><\/span><\/h1>\n<h2>Entdecken Sie die Urspr\u00fcnglichkeit und die Gr\u00f6\u00dfe, die die Natur der bergigen Aegialia gro\u00dfz\u00fcgig verlieh<\/h2>\n<p>Herrliche Wege neben Fl\u00fcssen zwischen Platanen, Kirschen, Waln\u00fcssen, Kastanien und in h\u00f6chster H\u00f6he Tannenw\u00e4ldern sorgen f\u00fcr absolutes Wohlbefinden.<\/p>\n<p>Die Fahrt durch die Schlucht des Flusses Vouraikos mit der Zahnradbahn, die die historische Stadt Kalavryta erreicht, gilt als eine der faszinierendsten Routen der Welt. Viele Wanderer entscheiden sich daf\u00fcr, diese Erfahrung zu erleben, indem sie dieses Naturdenkmal zu Fu\u00df durchwandern.<input type='hidden' bg_collapse_expand='69e49524153857035773720' value='69e49524153857035773720'><input type='hidden' id='bg-show-more-text-69e49524153857035773720' value='WEITERLESEN'><input type='hidden' id='bg-show-less-text-69e49524153857035773720' value='LESE WENIGER'><div id='bg-showmore-hidden-69e49524153857035773720' ><\/p>\n<p>Sie finden malerische D\u00f6rfer an H\u00e4ngen, Kirchen und versteckte Kl\u00f6ster, von denen einige buchst\u00e4blich in den imposanten vertikalen Felsen gebaut wurden, deren Existenz aus dem 14. und 15. Jahrhundert stammt.<\/p>\n<p>Entdecken Sie den Tsivlou-See, der zu Recht zu den sch\u00f6nsten Seen Griechenlands z\u00e4hlt und folgen Sie dem Weg, der zum Tannenwald von Zarouchla f\u00fchrt.<\/p>\n<p>Die wilde Sch\u00f6nheit des Styga-Wasserfalls wird Sie faszinieren. Hier hielt laut der Mythologie Thetis, Achilles Mutter, ihn an der Ferse und taufte ihn im heiligen Wasser von Styx, um ihn unverwundbar und unsterblich zu machen.<\/div><button id='bg-showmore-action-69e49524153857035773720' class='bg-showmore-plg-button bg-blue-button bg-zoom '   style=\" color:#ffffff;\">WEITERLESEN<\/button>[\/vc_column_text][\/vc_column][vc_column][\/vc_column][\/vc_row][vc_row][vc_column width=&#8220;2\/3&#8243;][vc_empty_space][\/vc_column][vc_column width=&#8220;1\/3&#8243; css=&#8220;.vc_custom_1616284561371{border-top-width: 2px !important;border-right-width: 2px !important;border-bottom-width: 2px !important;border-left-width: 2px !important;background-color: #ffffff !important;border-left-color: #000000 !important;border-left-style: solid !important;border-right-color: #000000 !important;border-right-style: solid !important;border-top-color: #000000 !important;border-top-style: solid !important;border-bottom-color: #000000 !important;border-bottom-style: solid !important;border-radius: 2px !important;}&#8220;][vc_column_text]<\/p>\n<h1><span style=\"color: #cc9900;\"><strong><em>Arch\u00e4ologische St\u00e4tten von Aegialia<\/em><\/strong><\/span><\/h1>\n<h2>Arch\u00e4ologische Ausgrabungen haben in den letzten Jahren Funde aus alten Zivilisationen ans Licht gebracht, die bis in die mykenischen Jahre zur\u00fcckreichen.<\/h2>\n<p>Die Existenz der antiken St\u00e4dte Aigeira, Helike, Aiges, Voura, Kyrenia, Aigio, Trapeza sowie die Ergebnisse der Ausgrabungen machen Aegialia zu einem Zentrum von gro\u00dfem arch\u00e4ologischem und historischem Interesse.<\/p>\n<p>Aigeira, Helike und Aigio werden von Homer als Teilnehmer des Trojanischen Krieges unter Agamemnon erw\u00e4hnt.<input type='hidden' bg_collapse_expand='69e49524153e04036906618' value='69e49524153e04036906618'><input type='hidden' id='bg-show-more-text-69e49524153e04036906618' value='WEITERLESEN'><input type='hidden' id='bg-show-less-text-69e49524153e04036906618' value='LESE WENIGER'><div id='bg-showmore-hidden-69e49524153e04036906618' ><\/p>\n<p><strong>Das antike Helike<\/strong>, unser Atlantis, versank, laut historischen Quellen, nach einem sehr starken Erdbeben im Jahre 373 v. Chr. Die Region von Aegialia befand sich nach diesem Erdbeben im Meer. Pausanias berichtet, dass die Ruinen der Stadt Helike w\u00e4hrend seiner Zeit am Boden des Meeres sichtbar waren. Im Gebiet des antiken Helike wurden in den letzten Jahren geoarch\u00e4ologische Ausgrabungen durchgef\u00fchrt, die Funde vor allem aus der fr\u00fchen helladischen, hellenistischen und r\u00f6mischen Zeit ans Licht brachten.<\/p>\n<p><strong>Das antike Theater von Aigeira<\/strong>, eines der wichtigsten Denkm\u00e4ler der Region, wurde vollst\u00e4ndig ausgegraben und es wurden wichtige Restaurierungsarbeiten durchgef\u00fchrt, die bis heute andauern. Die ersten Ausgrabungen begannen 1916 unter dem \u00f6sterreichischen Arch\u00e4ologen Otto Walter und dem \u00d6sterreichischen Arch\u00e4ologischen Institut. Der Bau stammt aus der ersten H\u00e4lfte des 3. Jahrhunderts v. Chr., um 280-250 v. Chr. Es ist gr\u00f6\u00dftenteils aus Naturfelsen gemei\u00dfelt und hat einen herrlichen Blick auf den Golf von Korinth und liegt geografisch gegen\u00fcber von Delphi.<\/p>\n<p>Das Theater ist f\u00fcr die \u00d6ffentlichkeit zug\u00e4nglich und beherbergt w\u00e4hrend der Sommersaison einige ausgew\u00e4hlte kulturelle Auff\u00fchrungen.<\/div><button id='bg-showmore-action-69e49524153e04036906618' class='bg-showmore-plg-button bg-blue-button bg-zoom '   style=\" color:#ffffff;\">WEITERLESEN<\/button>[\/vc_column_text][\/vc_column][vc_column][\/vc_column][\/vc_row][vc_row css=&#8220;.vc_custom_1542462866407{background-color: #f9f9f9 !important;}&#8220;][vc_column][vc_text_separator title=&#8220;How to arrive: Look no further; all relevant information about transportation is one click away.&#8220; title_align=&#8220;separator_align_left&#8220; color=&#8220;black&#8220;][\/vc_column][\/vc_row][vc_row css=&#8220;.vc_custom_1542462892465{background-color: #f9f9f9 !important;}&#8220;][vc_column width=&#8220;1\/3&#8243;][vc_column_text]<\/p>\n<h2>Mit dem Flugzeug<\/h2>\n<div data-skyscanner-widget=\"BasicWidget\" data-locale=\"de-DE\" data-params=\"colour:glen\"><\/div>\n<p><script src=\"https:\/\/widgets.skyscanner.net\/widget-server\/js\/loader.js\"><\/script><\/p>\n<p>Sie k\u00f6nnen entweder Eleftherios Venizelos Flughafen in Athen (200 km von Harmony) oder Araxos Flughafen in der N\u00e4he von Patras, Peloponnes (70 km von Harmony) erreichen.[\/vc_column_text][\/vc_column][vc_column width=&#8220;1\/3&#8243;][vc_column_text]<\/p>\n<h2>Mit der F\u00e4hre \u00fcber Italien<\/h2>\n<p><a href=\"https:\/\/www.aferry.de\/\" target=\"_blank\" rel=\"noopener\"><img loading=\"lazy\" decoding=\"async\" class=\"alignnone size-medium wp-image-20621\" src=\"https:\/\/www.harmony-apartments.com\/wp-content\/uploads\/2018\/10\/afery-342x250.png\" alt=\"travel with aferry\" width=\"342\" height=\"250\" srcset=\"https:\/\/www.harmony-apartments.com\/wp-content\/uploads\/2018\/10\/afery-342x250.png 342w, https:\/\/www.harmony-apartments.com\/wp-content\/uploads\/2018\/10\/afery.png 424w\" sizes=\"auto, (max-width: 342px) 100vw, 342px\" \/><\/a><\/p>\n<p>Falls Sie mit Ihrem eigenen Auto in wundersch\u00f6nen Longos ankommen sollten, k\u00f6nnen Sie die F\u00e4hrtickets suchen und vergleichen, indem Sie eines der weltweit gr\u00f6\u00dften Online-F\u00e4hrticket-Vertriebsnetze nutzen.[\/vc_column_text][\/vc_column][vc_column width=&#8220;1\/3&#8243;][vc_column_text]<\/p>\n<h2>Autovermietung<\/h2>\n<p><a href=\"https:\/\/www.autoeurope.de\/index.cfm?c=9726\" target=\"_blank\" rel=\"nofollow noopener\"><img decoding=\"async\" src=\"https:\/\/www.autoeurope.com\/default\/assets\/Image\/banner\/300-250_Generic.jpg\" alt=\"Auto Europe Car Rental\" \/><\/a><\/p>\n<p>Sollten Sie w\u00e4hrend Ihres Aufenthaltes in Longos einen guten Mietwagen ben\u00f6tigen,<br \/>\nBitte \u00fcberpr\u00fcfen Sie die hei\u00dfen Angebote mit g\u00fcnstigen Preisen von<br \/>\nAutoeurope &#8211; einer der f\u00fchrenden Anbieter von weltweiten Mietdiensten.[\/vc_column_text][\/vc_column][\/vc_row][vc_row][vc_column][\/vc_column][\/vc_row]<\/p>\n<\/div>","protected":false},"excerpt":{"rendered":"<p>[vc_row css=&#8220;.vc_custom_1616437080580{margin-top: -100px !important;}&#8220;][vc_column][\/vc_column][\/vc_row][vc_row][vc_column][vc_empty_space][\/vc_column][\/vc_row][vc_row equal_height=&#8220;yes&#8220;][vc_column][vc_column_text] Aegialia, ein unerwartetes Zief auf der Peloponnes\u00a0\u00a0\u00a0\u00a0\u00a0\u00a0\u00a0\u00a0\u00a0\u00a0 Eine Reise in die Geschichte, die Kultur, die bezaubernde Natur, die gastronomischen \u00dcberraschungen und den Genuss. Die vorteilhafte geografische Lage von Aegialia und die einzigartige Abwechslung von Berg und Meer, in der jede Jahreszeit die Landschaft mit ihren eigenen Farben schm\u00fcckt, machen sie&#8230; <\/p>\n<div class=\"clear\"><\/div>\n<p><a href=\"https:\/\/www.harmony-apartments.com\/de\/aigialia\/\" class=\"excerpt-read-more\">Continue Reading<i class=\"fa fa-long-arrow-right icon-long-arrow-right\"><\/i><\/a><\/p>\n","protected":false},"author":1,"featured_media":0,"parent":0,"menu_order":0,"comment_status":"closed","ping_status":"closed","template":"","meta":{"footnotes":""},"class_list":["post-4690","page","type-page","status-publish","hentry"],"_links":{"self":[{"href":"https:\/\/www.harmony-apartments.com\/de\/wp-json\/wp\/v2\/pages\/4690","targetHints":{"allow":["GET"]}}],"collection":[{"href":"https:\/\/www.harmony-apartments.com\/de\/wp-json\/wp\/v2\/pages"}],"about":[{"href":"https:\/\/www.harmony-apartments.com\/de\/wp-json\/wp\/v2\/types\/page"}],"author":[{"embeddable":true,"href":"https:\/\/www.harmony-apartments.com\/de\/wp-json\/wp\/v2\/users\/1"}],"replies":[{"embeddable":true,"href":"https:\/\/www.harmony-apartments.com\/de\/wp-json\/wp\/v2\/comments?post=4690"}],"version-history":[{"count":6,"href":"https:\/\/www.harmony-apartments.com\/de\/wp-json\/wp\/v2\/pages\/4690\/revisions"}],"predecessor-version":[{"id":25507,"href":"https:\/\/www.harmony-apartments.com\/de\/wp-json\/wp\/v2\/pages\/4690\/revisions\/25507"}],"wp:attachment":[{"href":"https:\/\/www.harmony-apartments.com\/de\/wp-json\/wp\/v2\/media?parent=4690"}],"curies":[{"name":"wp","href":"https:\/\/api.w.org\/{rel}","templated":true}]}}