{"id":4627,"date":"2018-03-26T15:07:50","date_gmt":"2018-03-26T12:07:50","guid":{"rendered":"http:\/\/harm.aigialeiaclub.gr\/badestrande\/"},"modified":"2020-05-10T12:00:57","modified_gmt":"2020-05-10T09:00:57","slug":"badestrande","status":"publish","type":"page","link":"https:\/\/www.harmony-apartments.com\/de\/badestrande\/","title":{"rendered":"Badestr\u00e4nde"},"content":{"rendered":"<div class=\"wpb-content-wrapper\"><p>[vc_row equal_height=&#8220;yes&#8220;][vc_column width=&#8220;3\/4&#8243;][vc_column_text]<\/p>\n<h1>Die K\u00fcstenregion Aigialia und ihre Badestr\u00e4nde<\/h1>\n<h2 class=\"bodytext\">An der K\u00fcstenlinie von Aigialia liegen wundersch\u00f6ne Badestr\u00e4nde.<\/h2>\n<p class=\"bodytext\">Ein jeder mit seinem ganz eigenen Charme. Hier findet jeder seinen Traumstrand.<\/p>\n<p class=\"bodytext\">Psathopyrgos, ein malerisches Fischerdorf, ca. 15 km westlich von Harmony \u00a0gelegen, l\u00e4dt zum Baden und in seine vielen Fischtavernen ein.<\/p>\n<p class=\"bodytext\">Lampiri\u00a0ist ein kleines Dorf, ca. 3 km westlich von Longos gelegen. Es hat eine sch\u00f6ne nat\u00fcrliche Badebucht, mit Pinienb\u00e4umen, die bis ans Meer reichen und einige sehr gute Fischrestaurants.<\/p>\n<p class=\"bodytext\">Akoli\u00a0ist eine kleine Siedlung mit wundersch\u00f6ner gro\u00dfer Badebucht, 4 km \u00f6stlich von Longos gelegen. Sie hat viele Tavernen und Cafes sowohl direkt am Strand wie auch im Ort und au\u00dferdem eine gro\u00dfe Parkanlage, Fu\u00dfballplatz und Einkaufsm\u00f6glichkeiten.<\/p>\n<p class=\"bodytext\">Aliki\u00a0ist der Badestrand der Stadt Aigion, 7 km \u00f6stlich von Harmony gelegen, der neben dem gleich benannten Naturschutzgebiet liegt. Entlang dieses weiten Strandes liegen auch sch\u00f6ne Tavernen und Cafes.<\/p>\n<p class=\"bodytext\">Nikoleikaist ein sch\u00f6ner Badestrand mit Tavernen und Cafes, ca. 15 km \u00f6stlich von Longos.<\/p>\n<p class=\"bodytext\">Rodia\u00a0ist ein kleiner, etwas einsamer Badestrand, ca. 17 km \u00f6stlich von Harmony.<\/p>\n<p class=\"bodytext\">Eleonas\u00a0ist ein gro\u00dfer Badestrand, ca. 18 km \u00f6stlich von Longos, mit vielen Tavernen und Cafes direkt am Meer.<\/p>\n<p class=\"bodytext\">Diakofto, ca. 20 km \u00f6stlich von Harmony entfernt, hat am Ende der Kleinstadt einen sch\u00f6nen Sandstrand, Engali genannt, mit einigen Cafes, Snackbars und am abend Openair Discos.<\/p>\n<p class=\"bodytext\">Trapeza\u00a0ist ein wundersch\u00f6ner Badestrand, ca. 22 km \u00f6stlich von Longos, mit tiefem klaren Wasser und Standtavernen.<\/p>\n<p>[\/vc_column_text][\/vc_column][vc_column width=&#8220;1\/4&#8243;][vc_text_separator title=&#8220; Endecken Sie die Vielf\u00e4ltigkeit von Aigialeia&#8220; title_align=&#8220;separator_align_left&#8220; border_width=&#8220;3&#8243;][vc_widget_sidebar sidebar_id=&#8220;wop-region&#8220;][\/vc_column][\/vc_row]<\/p>\n<\/div>","protected":false},"excerpt":{"rendered":"<p>[vc_row equal_height=&#8220;yes&#8220;][vc_column width=&#8220;3\/4&#8243;][vc_column_text] Die K\u00fcstenregion Aigialia und ihre Badestr\u00e4nde An der K\u00fcstenlinie von Aigialia liegen wundersch\u00f6ne Badestr\u00e4nde. Ein jeder mit seinem ganz eigenen Charme. Hier findet jeder seinen Traumstrand. Psathopyrgos, ein malerisches Fischerdorf, ca. 15 km westlich von Harmony \u00a0gelegen, l\u00e4dt zum Baden und in seine vielen Fischtavernen ein. Lampiri\u00a0ist ein kleines Dorf, ca. 3&#8230; <\/p>\n<div class=\"clear\"><\/div>\n<p><a href=\"https:\/\/www.harmony-apartments.com\/de\/badestrande\/\" class=\"excerpt-read-more\">Continue Reading<i class=\"fa fa-long-arrow-right icon-long-arrow-right\"><\/i><\/a><\/p>\n","protected":false},"author":1,"featured_media":0,"parent":0,"menu_order":0,"comment_status":"closed","ping_status":"closed","template":"","meta":{"footnotes":""},"yst_prominent_words":[2797,3470,3463,3455,3454,3456,6504,3467,3462,3458,3461,3468,3457,3469,3148,3466,3448,3465,3464,6505],"class_list":["post-4627","page","type-page","status-publish","hentry"],"_links":{"self":[{"href":"https:\/\/www.harmony-apartments.com\/de\/wp-json\/wp\/v2\/pages\/4627","targetHints":{"allow":["GET"]}}],"collection":[{"href":"https:\/\/www.harmony-apartments.com\/de\/wp-json\/wp\/v2\/pages"}],"about":[{"href":"https:\/\/www.harmony-apartments.com\/de\/wp-json\/wp\/v2\/types\/page"}],"author":[{"embeddable":true,"href":"https:\/\/www.harmony-apartments.com\/de\/wp-json\/wp\/v2\/users\/1"}],"replies":[{"embeddable":true,"href":"https:\/\/www.harmony-apartments.com\/de\/wp-json\/wp\/v2\/comments?post=4627"}],"version-history":[{"count":2,"href":"https:\/\/www.harmony-apartments.com\/de\/wp-json\/wp\/v2\/pages\/4627\/revisions"}],"predecessor-version":[{"id":23277,"href":"https:\/\/www.harmony-apartments.com\/de\/wp-json\/wp\/v2\/pages\/4627\/revisions\/23277"}],"wp:attachment":[{"href":"https:\/\/www.harmony-apartments.com\/de\/wp-json\/wp\/v2\/media?parent=4627"}],"wp:term":[{"taxonomy":"yst_prominent_words","embeddable":true,"href":"https:\/\/www.harmony-apartments.com\/de\/wp-json\/wp\/v2\/yst_prominent_words?post=4627"}],"curies":[{"name":"wp","href":"https:\/\/api.w.org\/{rel}","templated":true}]}}