{"id":4357,"date":"2018-03-25T11:41:02","date_gmt":"2018-03-25T08:41:02","guid":{"rendered":"http:\/\/harm.aigialeiaclub.gr\/uber-unser-hotel\/"},"modified":"2021-05-29T17:26:56","modified_gmt":"2021-05-29T14:26:56","slug":"unserhotel","status":"publish","type":"page","link":"https:\/\/www.harmony-apartments.com\/de\/unserhotel\/","title":{"rendered":"Einrichtungen"},"content":{"rendered":"<div class=\"wpb-content-wrapper\"><p>[vc_row css=&#8220;.vc_custom_1618482371233{margin-top: -100px !important;}&#8220;][vc_column][vc_empty_space height=&#8220;64px&#8220;][\/vc_column][\/vc_row][vc_row][vc_column][vc_column_text]<\/p>\n<h1><span style=\"color: #cc9900;\"><strong><em>Hochwertige Apartments mit Hotelservice und Swimmingpool neben dem Meer<\/em><\/strong><\/span><\/h1>\n<h2>Erleben Sie unsere Gastfreundschaft.<\/h2>\n<p>Harmony bietet ein einzigartiges Unterkunftserlebnis, das lokale Tradition mit modernem Architekturkonzept f\u00fcr hohe \u00c4sthetik und Komfort verbindet.<\/p>\n<p>Die f\u00fcr den Bau verwendeten Materialien, das Holz und die Ziegel f\u00fcr die D\u00e4cher, der Stein und Marmor im Au\u00dfenbereich, sowie das harmonische Struktur des Geb\u00e4udes und die diskreten Farben integrieren es perfekt in die nat\u00fcrliche Umgebung.<\/p>\n<p>Das Geb\u00e4ude ist auf verschiedenen Halbebenen erbaut, verf\u00fcgt \u00fcber 10 stilvolle Apartments, jedes mit\u00a0 eigener Pers\u00f6nlichkeit und unterschiedlicher Aufteilung, die Platz f\u00fcr ein bis acht Personen bieten.<\/p>\n<p>Ein gro\u00dfer Vorteil ist die Privatsph\u00e4re der Apartments, die ideale Bedingungen f\u00fcr Entspannung und Erholung gew\u00e4hrleistet.<\/p>\n<p>Im erh\u00f6hten Erdgeschoss liegt der Poolbereich, ausschlie\u00dflich f\u00fcr unsere Kunden bestimmt. Hier k\u00f6nnen Sie den Service der Snackbar genie\u00dfen, die mit Rezeptionsbereich und Fr\u00fchst\u00fccksraum verbunden ist. Auf der gleichen Ebene steht ein 55 m\u00b2 gro\u00dfer Raum f\u00fcr Seminare und Gesch\u00e4ftstreffen zur Verf\u00fcgung.<\/p>\n<p>Die hohe Qualit\u00e4t der Einrichtungen, die freundliche Einstellung der Eigent\u00fcmer und das hilfsbereite Personal machen Ihren Aufenthalt im Harmony zu einem unvergesslichen Erlebnis[\/vc_column_text][vc_empty_space][\/vc_column][\/vc_row][vc_row][vc_column width=&#8220;2\/3&#8243;][\/vc_column][vc_column width=&#8220;1\/3&#8243; css=&#8220;.vc_custom_1619380555783{border-top-width: 2px !important;border-right-width: 2px !important;border-bottom-width: 2px !important;border-left-width: 2px !important;background-color: #ffffff !important;border-left-color: #000000 !important;border-left-style: solid !important;border-right-color: #000000 !important;border-right-style: solid !important;border-top-color: #000000 !important;border-top-style: solid !important;border-bottom-color: #000000 !important;border-bottom-style: solid !important;border-radius: 2px !important;}&#8220;][vc_column_text]<\/p>\n<h1><span style=\"color: #cc9900;\"><em><strong>FR\u00dcHST\u00dcCK<\/strong><\/em><\/span><\/h1>\n<h2>Beginnen Sie Ihren Tag mit einem reichhaltigen, leckeren und gesunden Fr\u00fchst\u00fcck. Es wird im Empfangsbereich oder auf Anfrage im Poolbereich oder in Ihrem Apartment serviert und enth\u00e4lt:<\/h2>\n<ul>\n<li>Kaffee Ihrer Wahl, Milch, Tee, Schokolade (kalt \/ hei\u00df)<\/li>\n<li>Orangensaft<\/li>\n<li>Verschiedene Arten von Br\u00f6tchen, Zopf und Kuchen<\/li>\n<li>Hausgemachte Marmeladen, Butter, Honig und Joghurt von lokalen Anbietern<\/li>\n<\/ul>\n<input type='hidden' bg_collapse_expand='69e3480da0e676093873701' value='69e3480da0e676093873701'><input type='hidden' id='bg-show-more-text-69e3480da0e676093873701' value='Lesen Sie mehr'><input type='hidden' id='bg-show-less-text-69e3480da0e676093873701' value='lesen Sie weniger'><div id='bg-showmore-hidden-69e3480da0e676093873701' >\n<ul>\n<li>Verschiedene M\u00fcsl iund Korinthen<\/li>\n<li>Eier, K\u00e4se, Schinken.<\/li>\n<\/ul>\n<p><strong>Das Fr\u00fchst\u00fcck ist nicht imTagespreis enthalten.<\/strong><\/p>\n<ul>\n<li>Der Preis betr\u00e4gt 7,00 \u20ac pro Person und ist f\u00fcr Kinder bis 3 Jahre kostenlos.<\/li>\n<li>F\u00fcr eine dreik\u00f6pfige Familie betr\u00e4gt der Preis 6,00 \u20ac proPerson.<\/li>\n<li>F\u00fcr eine vierk\u00f6pfige Familie ist es auf 5,50 \u20ac pro Person reduziert.<\/li>\n<li>Ab 5 Personen ist es auf 5,00 \u20ac pro Person reduziert.<\/li>\n<\/ul>\n<p><strong>Snackbar<\/strong><\/p>\n<ul>\n<li>Genie\u00dfen Sie nat\u00fcrliche Fruchts\u00e4fte, erfrischende Cocktails, heissen oder gek\u00fchlten Kaffee, Tee, leckeres Eis und verschiedene andere Erfrischungsgetr\u00e4nke<\/li>\n<li>Probieren Sie traditionelle Getr\u00e4nke wie Ouzo, Tsipouro oder einen der griechischen Lik\u00f6re (Zimt, Masticha).<\/li>\n<li>F\u00fcr den kleinen Hunger w\u00e4hlen Sie zwischen klassischem Toast oder Club-Sandwiches<\/li>\n<li>Wir bieten eine bemerkenswerte Auswahl von aus gew\u00e4hlten Weinen, die von lokalen Weing\u00fctern hergestellt werden.<\/li>\n<\/ul>\n<p><\/div><button id='bg-showmore-action-69e3480da0e676093873701' class='bg-showmore-plg-button bg-blue-button bg-zoom '   style=\" color:#ffffff;\">Lesen Sie mehr<\/button>[\/vc_column_text][\/vc_column][\/vc_row][vc_row][vc_column width=&#8220;2\/3&#8243;][\/vc_column][vc_column width=&#8220;1\/3&#8243; css=&#8220;.vc_custom_1619380555783{border-top-width: 2px !important;border-right-width: 2px !important;border-bottom-width: 2px !important;border-left-width: 2px !important;background-color: #ffffff !important;border-left-color: #000000 !important;border-left-style: solid !important;border-right-color: #000000 !important;border-right-style: solid !important;border-top-color: #000000 !important;border-top-style: solid !important;border-bottom-color: #000000 !important;border-bottom-style: solid !important;border-radius: 2px !important;}&#8220;][vc_column_text]<\/p>\n<h1><span style=\"color: #cc9900;\"><strong><em>Seminarraum (54 qm)<\/em><\/strong><\/span><\/h1>\n<h2>Idealer Raum f\u00fcr Gesch\u00e4ftstreffen, Pr\u00e4sentationen und Seminare.<\/h2>\n<p>Pr\u00e4sentationen und Seminare.<\/p>\n<p>Besonders angenehmer und funktionaler Raum mit Tageslicht und Bel\u00fcftung bietet Platz f\u00fcr bis zu 45 Personen und sorgt f\u00fcr die besten Voraussetzungen f\u00fcr eine erfolgreiche Veranstaltung.<\/p>\n<p>Er verf\u00fcgt \u00fcber die erforderliche technologische Ausstattung.<input type='hidden' bg_collapse_expand='69e3480da0f7c7065401212' value='69e3480da0f7c7065401212'><input type='hidden' id='bg-show-more-text-69e3480da0f7c7065401212' value='Lesen Sie mehr'><input type='hidden' id='bg-show-less-text-69e3480da0f7c7065401212' value='lesen Sie weniger'><div id='bg-showmore-hidden-69e3480da0f7c7065401212' ><\/p>\n<p>Er wird f\u00fcr Konzentration, Entspannung und Ruhe angeboten, insbesondere wenn es um alternative und therapeutische Seminare und andere Selbsterkennungsverfahren geht.<\/p>\n<p>Der Kontakt mit dem Rezeptionsbereich und der Snackbar des Hotels bietet die M\u00f6glichkeit einer Pause mit Kaffee, Saft, alkoholfreien Getr\u00e4nken und leichten Snacks in der gastfreundlichen und ruhigen Umgebung des Pools.<\/p>\n<p>Unser erfahrenes Personal steht Ihnen jederzeit gerne zur Verf\u00fcgung, um alle Ihre W\u00fcnsche zu erf\u00fcllen und zum Erfolg Ihrer Veranstaltung beizutragen.<\/p>\n<p><\/div><button id='bg-showmore-action-69e3480da0f7c7065401212' class='bg-showmore-plg-button bg-blue-button bg-zoom '   style=\" color:#ffffff;\">Lesen Sie mehr<\/button>[\/vc_column_text][\/vc_column][\/vc_row][vc_row][vc_column width=&#8220;2\/3&#8243;][\/vc_column][vc_column width=&#8220;1\/3&#8243; css=&#8220;.vc_custom_1619380555783{border-top-width: 2px !important;border-right-width: 2px !important;border-bottom-width: 2px !important;border-left-width: 2px !important;background-color: #ffffff !important;border-left-color: #000000 !important;border-left-style: solid !important;border-right-color: #000000 !important;border-right-style: solid !important;border-top-color: #000000 !important;border-top-style: solid !important;border-bottom-color: #000000 !important;border-bottom-style: solid !important;border-radius: 2px !important;}&#8220;][vc_column_text]<\/p>\n<h1><span style=\"color: #cc9900;\"><em><strong>WELLNESS-ERFAHRUNGEN<\/strong><\/em><\/span><\/h1>\n<ul>\n<li><strong>Aqua Fitness<\/strong><\/li>\n<\/ul>\n<p>Genie\u00dfen Sie Momente der Entspannung und Verj\u00fcngung, in dem Sie an den Aqua-Yogastunden teilnehmen, die im Pool unseres Hotels stattfinden.<\/p>\n<p>Diese ideale Form des Trainings reduziert die Belastung, erh\u00f6ht die Flexibilit\u00e4t und trainiert den K\u00f6rper ohne Verletzungen.<\/p>\n<ul>\n<li><strong>Yoga<\/strong><\/li>\n<\/ul>\n<p>Reduzieren Sie Ihren Rhythmus, finden Sie Ihre innere Ruhe, indem Sie an den Yoga-Lektion<input type='hidden' bg_collapse_expand='69e3480da0ff66049410940' value='69e3480da0ff66049410940'><input type='hidden' id='bg-show-more-text-69e3480da0ff66049410940' value='Lesen Sie mehr'><input type='hidden' id='bg-show-less-text-69e3480da0ff66049410940' value='lesen Sie weniger'><div id='bg-showmore-hidden-69e3480da0ff66049410940' > en teilnehmen, die das ganze Jahr \u00fcber in unserem gut gestalteten Seminarraum stattfinden.<\/p>\n<p>Der Unterricht wird von Frau Eleni Stefou, in griechischer und englischer Sprache gestaltet, die in folgenden Schwerpunkten spezialisiert ist:<\/p>\n<ul>\n<li>Hatha Yoga<\/li>\n<li>Aqua Yoga<\/li>\n<li>Aqua Aerobic<\/li>\n<\/ul>\n<p><\/div><button id='bg-showmore-action-69e3480da0ff66049410940' class='bg-showmore-plg-button bg-blue-button bg-zoom '   style=\" color:#ffffff;\">Lesen Sie mehr<\/button>[\/vc_column_text][\/vc_column][\/vc_row][vc_row css=&#8220;.vc_custom_1528546684725{background-color: #ede5d2 !important;}&#8220;][vc_column][vc_column_text]<\/p>\n<h2>Unsere Einrichtungen &amp; Services<\/h2>\n<p>[\/vc_column_text][\/vc_column][\/vc_row][vc_row css=&#8220;.vc_custom_1528546667974{background-color: #eeeeee !important;}&#8220;][vc_column width=&#8220;1\/3&#8243;][vc_column_text]<\/p>\n<ul>\n<li>Freies Wi-Fi<\/li>\n<li>Swimmingpool f\u00fcr Hotelg\u00e4ste<\/li>\n<li>Kostenlose Sonnenschirme<\/li>\n<li>Kostenlose Liegest\u00fchle<\/li>\n<li>Klimaanlage<\/li>\n<li>Zentralheizung<\/li>\n<\/ul>\n<p>[\/vc_column_text][\/vc_column][vc_column width=&#8220;1\/3&#8243;][vc_column_text]<\/p>\n<ul>\n<li>Fr\u00fchst\u00fcck (fakultativ)<\/li>\n<li>Fr\u00fchst\u00fccks- und Aufenthaltsraum<\/li>\n<li>Cafe\/Snack Bar<\/li>\n<li>Seminarraum<\/li>\n<li>Waschmaschinenbenutzung<\/li>\n<li>Haustiere (auf Anfrage)<\/li>\n<\/ul>\n<p>[\/vc_column_text][\/vc_column][vc_column width=&#8220;1\/3&#8243;][vc_column_text]<\/p>\n<ul>\n<li>Mehrsprachiges Personal<\/li>\n<li>Freizeitsberatung<\/li>\n<li>Transferservice (auf Anfrage)<\/li>\n<li>Zimmerservice (auf Anfrage)<\/li>\n<li>Privater Parkplatz<\/li>\n<\/ul>\n<p>[\/vc_column_text][\/vc_column][\/vc_row]<\/p>\n<\/div>","protected":false},"excerpt":{"rendered":"<p>[vc_row css=&#8220;.vc_custom_1618482371233{margin-top: -100px !important;}&#8220;][vc_column][vc_empty_space height=&#8220;64px&#8220;][\/vc_column][\/vc_row][vc_row][vc_column][vc_column_text] Hochwertige Apartments mit Hotelservice und Swimmingpool neben dem Meer Erleben Sie unsere Gastfreundschaft. Harmony bietet ein einzigartiges Unterkunftserlebnis, das lokale Tradition mit modernem Architekturkonzept f\u00fcr hohe \u00c4sthetik und Komfort verbindet. Die f\u00fcr den Bau verwendeten Materialien, das Holz und die Ziegel f\u00fcr die D\u00e4cher, der Stein und Marmor im Au\u00dfenbereich,&#8230; <\/p>\n<div class=\"clear\"><\/div>\n<p><a href=\"https:\/\/www.harmony-apartments.com\/de\/unserhotel\/\" class=\"excerpt-read-more\">Continue Reading<i class=\"fa fa-long-arrow-right icon-long-arrow-right\"><\/i><\/a><\/p>\n","protected":false},"author":1,"featured_media":0,"parent":0,"menu_order":0,"comment_status":"closed","ping_status":"closed","template":"","meta":{"footnotes":""},"class_list":["post-4357","page","type-page","status-publish","hentry"],"_links":{"self":[{"href":"https:\/\/www.harmony-apartments.com\/de\/wp-json\/wp\/v2\/pages\/4357","targetHints":{"allow":["GET"]}}],"collection":[{"href":"https:\/\/www.harmony-apartments.com\/de\/wp-json\/wp\/v2\/pages"}],"about":[{"href":"https:\/\/www.harmony-apartments.com\/de\/wp-json\/wp\/v2\/types\/page"}],"author":[{"embeddable":true,"href":"https:\/\/www.harmony-apartments.com\/de\/wp-json\/wp\/v2\/users\/1"}],"replies":[{"embeddable":true,"href":"https:\/\/www.harmony-apartments.com\/de\/wp-json\/wp\/v2\/comments?post=4357"}],"version-history":[{"count":10,"href":"https:\/\/www.harmony-apartments.com\/de\/wp-json\/wp\/v2\/pages\/4357\/revisions"}],"predecessor-version":[{"id":25578,"href":"https:\/\/www.harmony-apartments.com\/de\/wp-json\/wp\/v2\/pages\/4357\/revisions\/25578"}],"wp:attachment":[{"href":"https:\/\/www.harmony-apartments.com\/de\/wp-json\/wp\/v2\/media?parent=4357"}],"curies":[{"name":"wp","href":"https:\/\/api.w.org\/{rel}","templated":true}]}}