{"id":4275,"date":"2018-03-25T10:58:03","date_gmt":"2018-03-25T07:58:03","guid":{"rendered":"http:\/\/harm.aigialeiaclub.gr\/harmony-2\/"},"modified":"2021-06-19T14:42:42","modified_gmt":"2021-06-19T11:42:42","slug":"harmony-2","status":"publish","type":"page","link":"https:\/\/www.harmony-apartments.com\/de\/","title":{"rendered":"ZUHAUSE"},"content":{"rendered":"<div class=\"wpb-content-wrapper\"><p>[vc_row css=&#8220;.vc_custom_1616773797164{margin-top: -100px !important;}&#8220;][vc_column][\/vc_column][\/vc_row][vc_row full_width=&#8220;stretch_row_content_no_spaces&#8220;][vc_column][vc_column_text]<iframe loading=\"lazy\" src=\"https:\/\/harmonyapartments.reserve-online.net\/widgets\/embed\/?lang=de_DE&amp;target=_blank\" width=\"100%\" height=\"240\" frameborder=\"0\" scrolling=\"no\" allowfullscreen=\"allowfullscreen\" data-mce-fragment=\"1\"><span data-mce-type=\"bookmark\" style=\"display: inline-block; width: 0px; overflow: hidden; line-height: 0;\" class=\"mce_SELRES_start\">\ufeff<\/span>&lt;<span data-mce-type=\"bookmark\" style=\"display: inline-block; width: 0px; overflow: hidden; line-height: 0;\" class=\"mce_SELRES_start\">\ufeff<\/span><\/iframe>[\/vc_column_text][\/vc_column][\/vc_row][vc_row][vc_column width=&#8220;2\/3&#8243;][vc_column_text]<\/p>\n<h1><span style=\"color: #cc9900;\"><strong><em>Longos and Selianitika<\/em><\/strong><\/span><\/h1>\n<h1><span style=\"color: #cc9900;\"><strong><em>Willkommen in<\/em> <em>Harmony Hotel Apartments auf der Peloponnes<\/em><\/strong><\/span><\/h1>\n<h2><em>Ideales Ziel f\u00fcr unvergessliche Ferien am bezaubernden Strand von Longos in Aegialia.<\/em><\/h2>\n<p>Die famili\u00e4re Ferienanlage &#8222;Harmony Hotel Apartments&#8220; befindet sich 100 m vom malerischen Strand von Longos-Selianitika, mit Inselatmosph\u00e4re, entfernt, im Nordwesten der Peloponnes, 7 km von Aigio und 35 km von Patras entfernt.<\/p>\n<p>Erbaut 100 m vom malerischen Strand entfernt, der die D\u00f6rfer Longos und Selianitika verbindet. Es empfieht sich f\u00fcr Besucher, die Ruhe und Sicherheit in einer einladenden Umgebung suchen, ideal f\u00fcr Familien, aber auch f\u00fcr Paare oder Freunde.<\/p>\n<p>Seine Lage, im Nordwesten der Peloponnes, nur 180 km von Athen, 40 km vom Hafen von Patras entfernt, mit direkter Verbindung zur neuen Nationalstrasse und der neuen Station des Vorstadtzuges, macht es zu einem einfachen und sicheren Ziel.<\/p>\n<p>Harmony ist ein idealer Ausgangspunkt um Tagesausfl\u00fcge nach Olympia, Delphi, Mykene, Epidaurus und Athen zu planen und die Magie dieser einzigartigen arch\u00e4ologischen St\u00e4tten zu erleben.<\/p>\n<p>Wichtige Natursch\u00f6nheiten wie der Tsivlou-See, die Vouraikos-Schlucht und die einzigartige Route mit der Zahnradbahn von Diakofto nach Kalavryta sind unvergessliche Ziele.<\/p>\n<p>Genie\u00dfen Sie die Sonne und das Meer an den Str\u00e4nden des Golfes von Korinth, entfliehen Sie in die Natur und entdecken Sie den abwechslungsreichen Wechsel von Bildern und Farben der Berglandschaft. Lernen Sie die lokale Gastfreundschaft kennen und genie\u00dfen Sie die besonderen gastronomischen Vorschl\u00e4ge der lokalen K\u00fcche.[\/vc_column_text][\/vc_column][vc_column width=&#8220;1\/3&#8243;][vc_video link=&#8220;https:\/\/www.youtube.com\/watch?v=PcCW1VhS1Ro&amp;t=16s&#8220;][vc_empty_space][vc_single_image image=&#8220;25062&#8243; img_size=&#8220;medium&#8220; style=&#8220;vc_box_shadow&#8220; onclick=&#8220;custom_link&#8220; link=&#8220;https:\/\/www.harmony-apartments.com\/de\/covidde\/&#8220;][\/vc_column][\/vc_row][vc_row][vc_column]<div id=\"69e4950414b36\" class=\"gg_gallery_wrap gg_is_loading_gallery gg_true_gallery gg_columnized_gallery gid_23511 gg_ol_full_mode gg_main_ol_always_shown gg_primary_ol\" data-col-maxw=\"420\" data-gid=\"23511\" data-nores-txt=\"No images found\">              <div class=\"gg_loader\">            <div class=\"ggl_1\"><\/div>            <div class=\"ggl_2\"><\/div>            <div class=\"ggl_3\"><\/div>            <div class=\"ggl_4\"><\/div>        <\/div>  <div class=\"gg_container\"><div data-gg-link=\"https:\/\/www.harmony-apartments.com\/de\/unterkunft\/\" class=\"gg_img gg_linked_img\" data-gg-url=\"https:\/\/www.harmony-apartments.com\/wp-content\/uploads\/2020\/05\/c-3.jpg\" data-gg-title=\"Unterkunft\" data-gg-author=\"\" data-gg-descr=\"\" data-gg-tags=\"\" data-img-id=\"0\" data-gid=\"23511\" role=\"button\" tabindex=\"0\" aria-label=\"open image\">                  <div class=\"gg_img_inner\" style=\"padding-bottom: 250px\">                                      <div class=\"gg_main_img_wrap\">                        <div class=\"gg_img_wrap_inner\">                            <img decoding=\"async\" src=\"\" data-gg-lazy-src=\"\/\/www.harmony-apartments.com\/wp-content\/uploads\/ewpt_cache\/420x250_90_1_c_FFFFFF_e2b241ddb21264f831b9f4ec09165118.jpg\" alt=\"Unterkunft\" class=\"gg_photo gg_main_thumb\" \/>                            <noscript><img decoding=\"async\" src=\"https:\/\/www.harmony-apartments.com\/wp-content\/uploads\/2020\/05\/c-3.jpg\" alt=\"Unterkunft\" \/><\/noscript>                        <\/div>                    <\/div>                                        <div class=\"gg_overlays\">            <div class=\"gg_main_overlay\">                <span class=\"gg_img_title\">Unterkunft<\/span>            <\/div><\/div>                  <\/div><\/div><div class=\"gg_img \" data-gg-url=\"https:\/\/www.harmony-apartments.com\/wp-content\/uploads\/2020\/05\/c-5.jpg\" data-gg-title=\"Spezialangebot\" data-gg-author=\"\" data-gg-descr=\"\" data-gg-tags=\"\" data-img-id=\"1\" data-gid=\"23511\" role=\"button\" tabindex=\"0\" aria-label=\"open image\">                  <div class=\"gg_img_inner\" style=\"padding-bottom: 250px\">                                      <div class=\"gg_main_img_wrap\">                        <div class=\"gg_img_wrap_inner\">                            <img decoding=\"async\" src=\"\" data-gg-lazy-src=\"\/\/www.harmony-apartments.com\/wp-content\/uploads\/ewpt_cache\/420x250_90_1_c_FFFFFF_f6e1b0c74f4b7e81ac9ae1c73f7c2eb5.jpg\" alt=\"Spezialangebot\" class=\"gg_photo gg_main_thumb\" \/>                            <noscript><img decoding=\"async\" src=\"https:\/\/www.harmony-apartments.com\/wp-content\/uploads\/2020\/05\/c-5.jpg\" alt=\"Spezialangebot\" \/><\/noscript>                        <\/div>                    <\/div>                                        <div class=\"gg_overlays\">            <div class=\"gg_main_overlay\">                <span class=\"gg_img_title\">Spezialangebot<\/span>            <\/div><\/div>                  <\/div><\/div><div data-gg-link=\"https:\/\/www.harmony-apartments.com\/de\/aktivitaten\/\" class=\"gg_img gg_linked_img\" data-gg-url=\"https:\/\/www.harmony-apartments.com\/wp-content\/uploads\/2020\/05\/c-2.jpg\" data-gg-title=\"Aktivit\u00e4ten\" data-gg-author=\"\" data-gg-descr=\"\" data-gg-tags=\"\" data-img-id=\"2\" data-gid=\"23511\" role=\"button\" tabindex=\"0\" aria-label=\"open image\">                  <div class=\"gg_img_inner\" style=\"padding-bottom: 250px\">                                      <div class=\"gg_main_img_wrap\">                        <div class=\"gg_img_wrap_inner\">                            <img decoding=\"async\" src=\"\" data-gg-lazy-src=\"\/\/www.harmony-apartments.com\/wp-content\/uploads\/ewpt_cache\/420x250_90_1_c_FFFFFF_1f851b5e032bd951c0cdf5a0062720f9.jpg\" alt=\"Aktivit\u00e4ten\" class=\"gg_photo gg_main_thumb\" \/>                            <noscript><img decoding=\"async\" src=\"https:\/\/www.harmony-apartments.com\/wp-content\/uploads\/2020\/05\/c-2.jpg\" alt=\"Aktivit\u00e4ten\" \/><\/noscript>                        <\/div>                    <\/div>                                        <div class=\"gg_overlays\">            <div class=\"gg_main_overlay\">                <span class=\"gg_img_title\">Aktivit\u00e4ten<\/span>            <\/div><\/div>                  <\/div><\/div><div data-gg-link=\"https:\/\/www.harmony-apartments.com\/de\/seminarraum\/\" class=\"gg_img gg_linked_img\" data-gg-url=\"https:\/\/www.harmony-apartments.com\/wp-content\/uploads\/2020\/05\/c-4.jpg\" data-gg-title=\"Seminarraum\" data-gg-author=\"\" data-gg-descr=\"\" data-gg-tags=\"\" data-img-id=\"3\" data-gid=\"23511\" role=\"button\" tabindex=\"0\" aria-label=\"open image\">                  <div class=\"gg_img_inner\" style=\"padding-bottom: 250px\">                                      <div class=\"gg_main_img_wrap\">                        <div class=\"gg_img_wrap_inner\">                            <img decoding=\"async\" src=\"\" data-gg-lazy-src=\"\/\/www.harmony-apartments.com\/wp-content\/uploads\/ewpt_cache\/420x250_90_1_c_FFFFFF_c15ca997c8e3d7dc0b22e8a10474048e.jpg\" alt=\"Seminarraum\" class=\"gg_photo gg_main_thumb\" \/>                            <noscript><img decoding=\"async\" src=\"https:\/\/www.harmony-apartments.com\/wp-content\/uploads\/2020\/05\/c-4.jpg\" alt=\"Seminarraum\" \/><\/noscript>                        <\/div>                    <\/div>                                        <div class=\"gg_overlays\">            <div class=\"gg_main_overlay\">                <span class=\"gg_img_title\">Seminarraum<\/span>            <\/div><\/div>                  <\/div><\/div><div data-gg-link=\"https:\/\/www.harmony-apartments.com\/de\/standort-longos\/\" class=\"gg_img gg_linked_img\" data-gg-url=\"https:\/\/www.harmony-apartments.com\/wp-content\/uploads\/2020\/05\/c-6.jpg\" data-gg-title=\"Standort Longos\" data-gg-author=\"\" data-gg-descr=\"\" data-gg-tags=\"\" data-img-id=\"4\" data-gid=\"23511\" role=\"button\" tabindex=\"0\" aria-label=\"open image\">                  <div class=\"gg_img_inner\" style=\"padding-bottom: 250px\">                                      <div class=\"gg_main_img_wrap\">                        <div class=\"gg_img_wrap_inner\">                            <img decoding=\"async\" src=\"\" data-gg-lazy-src=\"\/\/www.harmony-apartments.com\/wp-content\/uploads\/ewpt_cache\/420x250_90_1_c_FFFFFF_427456e303bf29be7d281c8995b02091.jpg\" alt=\"Standort Longos\" class=\"gg_photo gg_main_thumb\" \/>                            <noscript><img decoding=\"async\" src=\"https:\/\/www.harmony-apartments.com\/wp-content\/uploads\/2020\/05\/c-6.jpg\" alt=\"Standort Longos\" \/><\/noscript>                        <\/div>                    <\/div>                                        <div class=\"gg_overlays\">            <div class=\"gg_main_overlay\">                <span class=\"gg_img_title\">Standort Longos<\/span>            <\/div><\/div>                  <\/div><\/div><div data-gg-link=\"https:\/\/www.harmony-apartments.com\/de\/ausfluge\/\" class=\"gg_img gg_linked_img\" data-gg-url=\"https:\/\/www.harmony-apartments.com\/wp-content\/uploads\/2020\/05\/c-1.jpg\" data-gg-title=\"Ausfl\u00fcge\" data-gg-author=\"\" data-gg-descr=\"\" data-gg-tags=\"\" data-img-id=\"5\" data-gid=\"23511\" role=\"button\" tabindex=\"0\" aria-label=\"open image\">                  <div class=\"gg_img_inner\" style=\"padding-bottom: 250px\">                                      <div class=\"gg_main_img_wrap\">                        <div class=\"gg_img_wrap_inner\">                            <img decoding=\"async\" src=\"\" data-gg-lazy-src=\"\/\/www.harmony-apartments.com\/wp-content\/uploads\/ewpt_cache\/420x250_90_1_c_FFFFFF_ed41984306ea0b38676e74582bf4a293.jpg\" alt=\"Ausfl\u00fcge\" class=\"gg_photo gg_main_thumb\" \/>                            <noscript><img decoding=\"async\" src=\"https:\/\/www.harmony-apartments.com\/wp-content\/uploads\/2020\/05\/c-1.jpg\" alt=\"Ausfl\u00fcge\" \/><\/noscript>                        <\/div>                    <\/div>                                        <div class=\"gg_overlays\">            <div class=\"gg_main_overlay\">                <span class=\"gg_img_title\">Ausfl\u00fcge<\/span>            <\/div><\/div>                  <\/div><\/div><\/div><\/div><script type=\"text\/javascript\">(function() { \"use strict\"; const intval = setInterval(() => { if(typeof(jQuery) == \"undefined\" || typeof(gg_galleries_init) == \"undefined\") { return true; } else { clearTimeout(intval); const $ = jQuery; gg_galleries_init(\"69e4950414b36\"); } }, 50); })();<\/script>[\/vc_column][\/vc_row][vc_row][vc_column][vc_message]<strong>Suchen Sie nicht weiter; Alle relevanten Informationen zum Transport sind mit einem Klick erreichbar.<\/strong>[\/vc_message][\/vc_column][\/vc_row][vc_row css=&#8220;.vc_custom_1616774700154{background-color: #e8e8e8 !important;}&#8220;][vc_column width=&#8220;1\/3&#8243;][vc_column_text]<\/p>\n<h2>Mit dem Flugzeug<\/h2>\n<div data-skyscanner-widget=\"BasicWidget\" data-locale=\"de-DE\" data-market=\"GB\" data-currency=\"GBP\"><\/div>\n<p><script src=\"https:\/\/widgets.skyscanner.net\/widget-server\/js\/loader.js\" async><\/script><\/p>\n<p>Sie k\u00f6nnen entweder Eleftherios Venizelos Flughafen in Athen (200 km von Harmony) oder Araxos Flughafen in der N\u00e4he von Patras, Peloponnes (70 km von Harmony) erreichen.[\/vc_column_text][\/vc_column][vc_column width=&#8220;1\/3&#8243;][vc_column_text]<\/p>\n<h2>Mit der F\u00e4hre \u00fcber Italien<\/h2>\n<p><a href=\"https:\/\/www.aferry.gr\/\" target=\"_blank\" rel=\"noopener\"><img loading=\"lazy\" decoding=\"async\" class=\"alignnone size-medium wp-image-20622\" src=\"https:\/\/www.harmony-apartments.com\/wp-content\/uploads\/2018\/10\/afery-342x250.png\" alt=\"travel with aferry\" width=\"342\" height=\"250\" srcset=\"https:\/\/www.harmony-apartments.com\/wp-content\/uploads\/2018\/10\/afery-342x250.png 342w, https:\/\/www.harmony-apartments.com\/wp-content\/uploads\/2018\/10\/afery.png 424w\" sizes=\"auto, (max-width: 342px) 100vw, 342px\" \/><\/a><\/p>\n<p>Falls Sie mit Ihrem eigenen Auto in wundersch\u00f6nen Longos ankommen sollten, k\u00f6nnen Sie die F\u00e4hrtickets suchen und vergleichen, indem Sie eines der weltweit gr\u00f6\u00dften Online-F\u00e4hrticket-Vertriebsnetze nutzen.[\/vc_column_text][\/vc_column][vc_column width=&#8220;1\/3&#8243;][vc_column_text]<\/p>\n<h2>Autovermietung<\/h2>\n<p>&nbsp;<\/p>\n<p><a href=\"https:\/\/theocar.com\/en\/\" target=\"_blank\" rel=\"noopener\"><img loading=\"lazy\" decoding=\"async\" class=\"size-full wp-image-25586 alignleft\" src=\"https:\/\/www.harmony-apartments.com\/wp-content\/uploads\/2021\/06\/Theocar.com-Services.gif\" alt=\"\" width=\"300\" height=\"250\" \/><\/a><\/p>\n<p>&nbsp;<\/p>\n<p>&nbsp;<\/p>\n<p>&nbsp;<\/p>\n<p>&nbsp;<\/p>\n<p>&nbsp;<\/p>\n<p>&nbsp;<\/p>\n<p>Sollten Sie w\u00e4hrend Ihres Aufenthaltes in Longos einen guten Mietwagen ben\u00f6tigen,<br \/>\nBitte \u00fcberpr\u00fcfen Sie die hei\u00dfen Angebote mit g\u00fcnstigen Preisen von<br \/>\ntheocar.com[\/vc_column_text][\/vc_column][\/vc_row]<\/p>\n<\/div>","protected":false},"excerpt":{"rendered":"<p>[vc_row css=&#8220;.vc_custom_1616773797164{margin-top: -100px !important;}&#8220;][vc_column][\/vc_column][\/vc_row][vc_row full_width=&#8220;stretch_row_content_no_spaces&#8220;][vc_column][vc_column_text]\ufeff&lt;\ufeff[\/vc_column_text][\/vc_column][\/vc_row][vc_row][vc_column width=&#8220;2\/3&#8243;][vc_column_text] Longos and Selianitika Willkommen in Harmony Hotel Apartments auf der Peloponnes Ideales Ziel f\u00fcr unvergessliche Ferien am bezaubernden Strand von Longos in Aegialia. Die famili\u00e4re Ferienanlage &#8222;Harmony Hotel Apartments&#8220; befindet sich 100 m vom malerischen Strand von Longos-Selianitika, mit Inselatmosph\u00e4re, entfernt, im Nordwesten der Peloponnes, 7 km von Aigio&#8230; <\/p>\n<div class=\"clear\"><\/div>\n<p><a href=\"https:\/\/www.harmony-apartments.com\/de\/\" class=\"excerpt-read-more\">Continue Reading<i class=\"fa fa-long-arrow-right icon-long-arrow-right\"><\/i><\/a><\/p>\n","protected":false},"author":1,"featured_media":0,"parent":0,"menu_order":0,"comment_status":"closed","ping_status":"closed","template":"","meta":{"footnotes":""},"class_list":["post-4275","page","type-page","status-publish","hentry"],"_links":{"self":[{"href":"https:\/\/www.harmony-apartments.com\/de\/wp-json\/wp\/v2\/pages\/4275","targetHints":{"allow":["GET"]}}],"collection":[{"href":"https:\/\/www.harmony-apartments.com\/de\/wp-json\/wp\/v2\/pages"}],"about":[{"href":"https:\/\/www.harmony-apartments.com\/de\/wp-json\/wp\/v2\/types\/page"}],"author":[{"embeddable":true,"href":"https:\/\/www.harmony-apartments.com\/de\/wp-json\/wp\/v2\/users\/1"}],"replies":[{"embeddable":true,"href":"https:\/\/www.harmony-apartments.com\/de\/wp-json\/wp\/v2\/comments?post=4275"}],"version-history":[{"count":10,"href":"https:\/\/www.harmony-apartments.com\/de\/wp-json\/wp\/v2\/pages\/4275\/revisions"}],"predecessor-version":[{"id":25595,"href":"https:\/\/www.harmony-apartments.com\/de\/wp-json\/wp\/v2\/pages\/4275\/revisions\/25595"}],"wp:attachment":[{"href":"https:\/\/www.harmony-apartments.com\/de\/wp-json\/wp\/v2\/media?parent=4275"}],"curies":[{"name":"wp","href":"https:\/\/api.w.org\/{rel}","templated":true}]}}